{"id":264,"date":"2025-04-22T15:16:30","date_gmt":"2025-04-22T15:16:30","guid":{"rendered":"https:\/\/best-accounting.de\/?page_id=264"},"modified":"2025-07-27T13:58:05","modified_gmt":"2025-07-27T13:58:05","slug":"impressum","status":"publish","type":"page","link":"https:\/\/best-accounting.de\/en\/impressum\/","title":{"rendered":"Imprint"},"content":{"rendered":"<div data-elementor-type=\"wp-page\" data-elementor-id=\"264\" class=\"elementor elementor-264\" data-elementor-post-type=\"page\">\n\t\t\t\t\t\t<section class=\"elementor-section elementor-top-section elementor-element elementor-element-29b63029 elementor-section-boxed elementor-section-height-default elementor-section-height-default\" data-id=\"29b63029\" data-element_type=\"section\">\n\t\t\t\t\t\t<div class=\"elementor-container elementor-column-gap-default\">\n\t\t\t\t\t<div class=\"elementor-column elementor-col-100 elementor-top-column elementor-element elementor-element-56f1d6f8\" data-id=\"56f1d6f8\" data-element_type=\"column\">\n\t\t\t<div class=\"elementor-widget-wrap elementor-element-populated\">\n\t\t\t\t\t\t<div class=\"elementor-element elementor-element-6a9553f elementor-widget elementor-widget-heading\" data-id=\"6a9553f\" data-element_type=\"widget\" data-widget_type=\"heading.default\">\n\t\t\t\t<div class=\"elementor-widget-container\">\n\t\t\t\t\t<h2 class=\"elementor-heading-title elementor-size-default\">Imprint<\/h2>\t\t\t\t<\/div>\n\t\t\t\t<\/div>\n\t\t\t\t\t<\/div>\n\t\t<\/div>\n\t\t\t\t\t<\/div>\n\t\t<\/section>\n\t\t<div class=\"elementor-element elementor-element-0dae7fd e-flex e-con-boxed e-con e-parent\" data-id=\"0dae7fd\" data-element_type=\"container\">\n\t\t\t\t\t<div class=\"e-con-inner\">\n\t\t<div class=\"elementor-element elementor-element-3461683 e-con-full e-flex e-con e-child\" data-id=\"3461683\" data-element_type=\"container\">\n\t\t\t\t<div class=\"elementor-element elementor-element-00e26b5 elementor-widget elementor-widget-text-editor\" data-id=\"00e26b5\" data-element_type=\"widget\" data-widget_type=\"text-editor.default\">\n\t\t\t\t<div class=\"elementor-widget-container\">\n\t\t\t\t\t\t\t\t\t<h4><strong>B3ST Accounting GmbH<\/strong><\/h4><p>Waterloohain 5A<br \/>22769 Hamburg\u00a0<br \/>Deutschland<\/p><p>office@best-accounting.de<\/p><p>+49 40 524 763 670<\/p><p>Registergericht: Amtsgericht 20355 Hamburg <br \/>Registernummer: HRB 191332<br \/>Ust-IdNr.: DE454280520<\/p><p>Gesch\u00e4ftsf\u00fchrung: Stephanie Schwarz, Zolt\u00e1n T\u00f3th<br \/>Prokuristin: Susanne Effenberger<\/p><p><strong data-start=\"164\" data-end=\"187\">Lizenzierte Bilder:<\/strong><br data-start=\"187\" data-end=\"190\" \/>Die in den Dienstleistungen verwendeten Cartoon-Bilder wurden von <a class=\"\" href=\"https:\/\/www.shutterstock.com\/de\/g\/cartooncomics\" target=\"_new\" rel=\"noopener\" data-start=\"256\" data-end=\"319\">Shutterstock<\/a> heruntergeladen und ordnungsgem\u00e4\u00df lizenziert.<br \/><br data-start=\"365\" data-end=\"368\" \/>Alle weiteren Bilder stammen von <a class=\"cursor-pointer\" target=\"_new\" rel=\"noopener\" data-start=\"401\" data-end=\"450\">Envato Elements<\/a> und wurden ebenfalls lizenziert.<\/p>\t\t\t\t\t\t\t\t<\/div>\n\t\t\t\t<\/div>\n\t\t\t\t<\/div>\n\t\t<div class=\"elementor-element elementor-element-cfc851e e-con-full e-flex e-con e-child\" data-id=\"cfc851e\" data-element_type=\"container\">\n\t\t\t\t<\/div>\n\t\t\t\t\t<\/div>\n\t\t\t\t<\/div>\n\t\t\t\t<\/div>","protected":false},"excerpt":{"rendered":"<p>Impressum B3ST Accounting GmbH Waterloohain 5A22769 Hamburg\u00a0Deutschland office@best-accounting.de +49 40 524 763 670 Registergericht: Amtsgericht 20355 Hamburg Registernummer: HRB 191332Ust-IdNr.: DE454280520 Gesch\u00e4ftsf\u00fchrung: Stephanie Schwarz, Zolt\u00e1n T\u00f3thProkuristin: Susanne Effenberger Lizenzierte Bilder:Die in den Dienstleistungen verwendeten Cartoon-Bilder wurden von Shutterstock heruntergeladen und ordnungsgem\u00e4\u00df lizenziert.Alle weiteren Bilder stammen von Envato Elements und wurden ebenfalls lizenziert.<\/p>","protected":false},"author":1,"featured_media":0,"parent":0,"menu_order":0,"comment_status":"closed","ping_status":"closed","template":"","meta":{"footnotes":""},"class_list":["post-264","page","type-page","status-publish","hentry"],"yoast_head":"<!-- This site is optimized with the Yoast SEO plugin v25.2 - https:\/\/yoast.com\/wordpress\/plugins\/seo\/ -->\n<title>Impressum - B3ST Accounting GmbH<\/title>\n<meta name=\"robots\" content=\"index, follow, max-snippet:-1, max-image-preview:large, max-video-preview:-1\" \/>\n<link rel=\"canonical\" href=\"https:\/\/best-accounting.de\/en\/impressum\/\" \/>\n<meta property=\"og:locale\" content=\"en_US\" \/>\n<meta property=\"og:type\" content=\"article\" \/>\n<meta property=\"og:title\" content=\"Impressum - B3ST Accounting GmbH\" \/>\n<meta property=\"og:description\" content=\"Impressum B3ST Accounting GmbH Waterloohain 5A22769 Hamburg\u00a0Deutschland office@best-accounting.de +49 40 524 763 670 Registergericht: Amtsgericht 20355 Hamburg Registernummer: HRB 191332Ust-IdNr.: DE454280520 Gesch\u00e4ftsf\u00fchrung: Stephanie Schwarz, Zolt\u00e1n T\u00f3thProkuristin: Susanne Effenberger Lizenzierte Bilder:Die in den Dienstleistungen verwendeten Cartoon-Bilder wurden von Shutterstock heruntergeladen und ordnungsgem\u00e4\u00df lizenziert.Alle weiteren Bilder stammen von Envato Elements und wurden ebenfalls lizenziert.\" \/>\n<meta property=\"og:url\" content=\"https:\/\/best-accounting.de\/en\/impressum\/\" \/>\n<meta property=\"og:site_name\" content=\"B3ST Accounting GmbH\" \/>\n<meta property=\"article:publisher\" content=\"https:\/\/www.facebook.com\/profile.php?id=61576734616765\" \/>\n<meta property=\"article:modified_time\" content=\"2025-07-27T13:58:05+00:00\" \/>\n<meta name=\"twitter:card\" content=\"summary_large_image\" \/>\n<meta name=\"twitter:label1\" content=\"Est. reading time\" \/>\n\t<meta name=\"twitter:data1\" content=\"1 minute\" \/>\n<script type=\"application\/ld+json\" class=\"yoast-schema-graph\">{\"@context\":\"https:\/\/schema.org\",\"@graph\":[{\"@type\":\"WebPage\",\"@id\":\"https:\/\/best-accounting.de\/impressum\/\",\"url\":\"https:\/\/best-accounting.de\/impressum\/\",\"name\":\"Impressum - B3ST Accounting GmbH\",\"isPartOf\":{\"@id\":\"https:\/\/best-accounting.de\/#website\"},\"datePublished\":\"2025-04-22T15:16:30+00:00\",\"dateModified\":\"2025-07-27T13:58:05+00:00\",\"breadcrumb\":{\"@id\":\"https:\/\/best-accounting.de\/impressum\/#breadcrumb\"},\"inLanguage\":\"en-US\",\"potentialAction\":[{\"@type\":\"ReadAction\",\"target\":[\"https:\/\/best-accounting.de\/impressum\/\"]}]},{\"@type\":\"BreadcrumbList\",\"@id\":\"https:\/\/best-accounting.de\/impressum\/#breadcrumb\",\"itemListElement\":[{\"@type\":\"ListItem\",\"position\":1,\"name\":\"Startseite\",\"item\":\"https:\/\/best-accounting.de\/\"},{\"@type\":\"ListItem\",\"position\":2,\"name\":\"Impressum\"}]},{\"@type\":\"WebSite\",\"@id\":\"https:\/\/best-accounting.de\/#website\",\"url\":\"https:\/\/best-accounting.de\/\",\"name\":\"B3ST Accounting GmbH\",\"description\":\"Buchhaltung | Controlling | Reporting | Personal\",\"publisher\":{\"@id\":\"https:\/\/best-accounting.de\/#organization\"},\"potentialAction\":[{\"@type\":\"SearchAction\",\"target\":{\"@type\":\"EntryPoint\",\"urlTemplate\":\"https:\/\/best-accounting.de\/?s={search_term_string}\"},\"query-input\":{\"@type\":\"PropertyValueSpecification\",\"valueRequired\":true,\"valueName\":\"search_term_string\"}}],\"inLanguage\":\"en-US\"},{\"@type\":\"Organization\",\"@id\":\"https:\/\/best-accounting.de\/#organization\",\"name\":\"B3ST Accounting GmbH\",\"url\":\"https:\/\/best-accounting.de\/\",\"logo\":{\"@type\":\"ImageObject\",\"inLanguage\":\"en-US\",\"@id\":\"https:\/\/best-accounting.de\/#\/schema\/logo\/image\/\",\"url\":\"https:\/\/best-accounting.de\/wp-content\/uploads\/2025\/04\/Ohne-Schrift-scaled.png\",\"contentUrl\":\"https:\/\/best-accounting.de\/wp-content\/uploads\/2025\/04\/Ohne-Schrift-scaled.png\",\"width\":2560,\"height\":1679,\"caption\":\"B3ST Accounting GmbH\"},\"image\":{\"@id\":\"https:\/\/best-accounting.de\/#\/schema\/logo\/image\/\"},\"sameAs\":[\"https:\/\/www.facebook.com\/profile.php?id=61576734616765\",\"https:\/\/www.instagram.com\/b3st_accounting_gmbh\",\"https:\/\/www.linkedin.com\/company\/b3st-accounting-gmbh\/\"]}]}<\/script>\n<!-- \/ Yoast SEO plugin. -->","yoast_head_json":{"title":"Impressum - B3ST Accounting GmbH","robots":{"index":"index","follow":"follow","max-snippet":"max-snippet:-1","max-image-preview":"max-image-preview:large","max-video-preview":"max-video-preview:-1"},"canonical":"https:\/\/best-accounting.de\/en\/impressum\/","og_locale":"en_US","og_type":"article","og_title":"Impressum - B3ST Accounting GmbH","og_description":"Impressum B3ST Accounting GmbH Waterloohain 5A22769 Hamburg\u00a0Deutschland office@best-accounting.de +49 40 524 763 670 Registergericht: Amtsgericht 20355 Hamburg Registernummer: HRB 191332Ust-IdNr.: DE454280520 Gesch\u00e4ftsf\u00fchrung: Stephanie Schwarz, Zolt\u00e1n T\u00f3thProkuristin: Susanne Effenberger Lizenzierte Bilder:Die in den Dienstleistungen verwendeten Cartoon-Bilder wurden von Shutterstock heruntergeladen und ordnungsgem\u00e4\u00df lizenziert.Alle weiteren Bilder stammen von Envato Elements und wurden ebenfalls lizenziert.","og_url":"https:\/\/best-accounting.de\/en\/impressum\/","og_site_name":"B3ST Accounting GmbH","article_publisher":"https:\/\/www.facebook.com\/profile.php?id=61576734616765","article_modified_time":"2025-07-27T13:58:05+00:00","twitter_card":"summary_large_image","twitter_misc":{"Est. reading time":"1 minute"},"schema":{"@context":"https:\/\/schema.org","@graph":[{"@type":"WebPage","@id":"https:\/\/best-accounting.de\/impressum\/","url":"https:\/\/best-accounting.de\/impressum\/","name":"Impressum - B3ST Accounting GmbH","isPartOf":{"@id":"https:\/\/best-accounting.de\/#website"},"datePublished":"2025-04-22T15:16:30+00:00","dateModified":"2025-07-27T13:58:05+00:00","breadcrumb":{"@id":"https:\/\/best-accounting.de\/impressum\/#breadcrumb"},"inLanguage":"en-US","potentialAction":[{"@type":"ReadAction","target":["https:\/\/best-accounting.de\/impressum\/"]}]},{"@type":"BreadcrumbList","@id":"https:\/\/best-accounting.de\/impressum\/#breadcrumb","itemListElement":[{"@type":"ListItem","position":1,"name":"Startseite","item":"https:\/\/best-accounting.de\/"},{"@type":"ListItem","position":2,"name":"Impressum"}]},{"@type":"WebSite","@id":"https:\/\/best-accounting.de\/#website","url":"https:\/\/best-accounting.de\/","name":"B3ST Accounting GmbH","description":"Buchhaltung | Controlling | Reporting | Personal","publisher":{"@id":"https:\/\/best-accounting.de\/#organization"},"potentialAction":[{"@type":"SearchAction","target":{"@type":"EntryPoint","urlTemplate":"https:\/\/best-accounting.de\/?s={search_term_string}"},"query-input":{"@type":"PropertyValueSpecification","valueRequired":true,"valueName":"search_term_string"}}],"inLanguage":"en-US"},{"@type":"Organization","@id":"https:\/\/best-accounting.de\/#organization","name":"B3ST Accounting GmbH","url":"https:\/\/best-accounting.de\/","logo":{"@type":"ImageObject","inLanguage":"en-US","@id":"https:\/\/best-accounting.de\/#\/schema\/logo\/image\/","url":"https:\/\/best-accounting.de\/wp-content\/uploads\/2025\/04\/Ohne-Schrift-scaled.png","contentUrl":"https:\/\/best-accounting.de\/wp-content\/uploads\/2025\/04\/Ohne-Schrift-scaled.png","width":2560,"height":1679,"caption":"B3ST Accounting GmbH"},"image":{"@id":"https:\/\/best-accounting.de\/#\/schema\/logo\/image\/"},"sameAs":["https:\/\/www.facebook.com\/profile.php?id=61576734616765","https:\/\/www.instagram.com\/b3st_accounting_gmbh","https:\/\/www.linkedin.com\/company\/b3st-accounting-gmbh\/"]}]}},"_links":{"self":[{"href":"https:\/\/best-accounting.de\/en\/wp-json\/wp\/v2\/pages\/264","targetHints":{"allow":["GET"]}}],"collection":[{"href":"https:\/\/best-accounting.de\/en\/wp-json\/wp\/v2\/pages"}],"about":[{"href":"https:\/\/best-accounting.de\/en\/wp-json\/wp\/v2\/types\/page"}],"author":[{"embeddable":true,"href":"https:\/\/best-accounting.de\/en\/wp-json\/wp\/v2\/users\/1"}],"replies":[{"embeddable":true,"href":"https:\/\/best-accounting.de\/en\/wp-json\/wp\/v2\/comments?post=264"}],"version-history":[{"count":0,"href":"https:\/\/best-accounting.de\/en\/wp-json\/wp\/v2\/pages\/264\/revisions"}],"wp:attachment":[{"href":"https:\/\/best-accounting.de\/en\/wp-json\/wp\/v2\/media?parent=264"}],"curies":[{"name":"wp","href":"https:\/\/api.w.org\/{rel}","templated":true}]}}